{"id":17326,"date":"2024-12-29T00:18:32","date_gmt":"2024-12-29T00:18:32","guid":{"rendered":"https:\/\/cartaodevisitavirtual.com.br\/v1\/?page_id=17326"},"modified":"2024-12-29T00:26:27","modified_gmt":"2024-12-29T00:26:27","slug":"home","status":"publish","type":"page","link":"https:\/\/cartaodevisitavirtual.com.br\/v1\/","title":{"rendered":"Home"},"content":{"rendered":"\t\t<div data-elementor-type=\"wp-page\" data-elementor-id=\"17326\" class=\"elementor elementor-17326\">\n\t\t\t\t\t\t<section class=\"elementor-section elementor-top-section elementor-element elementor-element-1afaad3a elementor-section-boxed elementor-section-height-default elementor-section-height-default\" data-id=\"1afaad3a\" data-element_type=\"section\" data-settings=\"{&quot;background_background&quot;:&quot;classic&quot;}\">\n\t\t\t\t\t\t<div class=\"elementor-container elementor-column-gap-default\">\n\t\t\t\t\t<div class=\"elementor-column elementor-col-100 elementor-top-column elementor-element elementor-element-1cd568a3\" data-id=\"1cd568a3\" data-element_type=\"column\" data-settings=\"{&quot;background_background&quot;:&quot;classic&quot;}\">\n\t\t\t<div class=\"elementor-widget-wrap elementor-element-populated\">\n\t\t\t\t\t\t<div class=\"elementor-element elementor-element-94fe4c7 elementor-widget elementor-widget-shortcode\" data-id=\"94fe4c7\" data-element_type=\"widget\" data-widget_type=\"shortcode.default\">\n\t\t\t\t<div class=\"elementor-widget-container\">\n\t\t\t\t\t\t\t<div class=\"elementor-shortcode\"><div id=\"image-map-pro-2564\"><\/div><\/div>\n\t\t\t\t\t\t<\/div>\n\t\t\t\t<\/div>\n\t\t\t\t\t<\/div>\n\t\t<\/div>\n\t\t\t\t\t<\/div>\n\t\t<\/section>\n\t\t\t\t<\/div>\n\t\t","protected":false},"excerpt":{"rendered":"<div id=\"image-map-pro-2564\"><\/div>\n","protected":false},"author":1,"featured_media":0,"parent":0,"menu_order":0,"comment_status":"closed","ping_status":"closed","template":"page-template-blank.php","meta":{"_et_pb_use_builder":"on","_et_pb_old_content":"","_et_gb_content_width":"","footnotes":""},"class_list":["post-17326","page","type-page","status-publish","hentry"],"yoast_head":"<!-- This site is optimized with the Yoast SEO plugin v26.4 - https:\/\/yoast.com\/wordpress\/plugins\/seo\/ -->\n<title>Home - Cart\u00e3o de Visita Virtual<\/title>\n<meta name=\"robots\" content=\"index, follow, max-snippet:-1, max-image-preview:large, max-video-preview:-1\" \/>\n<link rel=\"canonical\" href=\"https:\/\/cartaodevisitavirtual.com.br\/v1\/\" \/>\n<meta property=\"og:locale\" content=\"pt_BR\" \/>\n<meta property=\"og:type\" content=\"article\" \/>\n<meta property=\"og:title\" content=\"Home - Cart\u00e3o de Visita Virtual\" \/>\n<meta property=\"og:url\" content=\"https:\/\/cartaodevisitavirtual.com.br\/v1\/\" \/>\n<meta property=\"og:site_name\" content=\"Cart\u00e3o de Visita Virtual\" \/>\n<meta property=\"article:modified_time\" content=\"2024-12-29T00:26:27+00:00\" \/>\n<meta name=\"twitter:card\" content=\"summary_large_image\" \/>\n<meta name=\"twitter:description\" content=\"[CartaodeVisitaVirtual]\" \/>\n<script type=\"application\/ld+json\" class=\"yoast-schema-graph\">{\"@context\":\"https:\/\/schema.org\",\"@graph\":[{\"@type\":\"WebPage\",\"@id\":\"https:\/\/cartaodevisitavirtual.com.br\/v1\/\",\"url\":\"https:\/\/cartaodevisitavirtual.com.br\/v1\/\",\"name\":\"Home - Cart\u00e3o de Visita Virtual\",\"isPartOf\":{\"@id\":\"https:\/\/cartaodevisitavirtual.com.br\/v1\/#website\"},\"datePublished\":\"2024-12-29T00:18:32+00:00\",\"dateModified\":\"2024-12-29T00:26:27+00:00\",\"breadcrumb\":{\"@id\":\"https:\/\/cartaodevisitavirtual.com.br\/v1\/#breadcrumb\"},\"inLanguage\":\"pt-BR\",\"potentialAction\":[{\"@type\":\"ReadAction\",\"target\":[\"https:\/\/cartaodevisitavirtual.com.br\/v1\/\"]}]},{\"@type\":\"BreadcrumbList\",\"@id\":\"https:\/\/cartaodevisitavirtual.com.br\/v1\/#breadcrumb\",\"itemListElement\":[{\"@type\":\"ListItem\",\"position\":1,\"name\":\"In\u00edcio\",\"item\":\"https:\/\/cartaodevisitavirtual.com.br\/v1\/\"},{\"@type\":\"ListItem\",\"position\":2,\"name\":\"Home\"}]},{\"@type\":\"WebSite\",\"@id\":\"https:\/\/cartaodevisitavirtual.com.br\/v1\/#website\",\"url\":\"https:\/\/cartaodevisitavirtual.com.br\/v1\/\",\"name\":\"Cart\u00e3o de Visita Virtual\",\"description\":\"Cart\u00e3o de Visita Virtual - Seu novo Cart\u00e3o de Visita, Digital, Interativo, On-line e Virtual. Compartilhe infinitamente pelo WhatsApp.\",\"publisher\":{\"@id\":\"https:\/\/cartaodevisitavirtual.com.br\/v1\/#organization\"},\"potentialAction\":[{\"@type\":\"SearchAction\",\"target\":{\"@type\":\"EntryPoint\",\"urlTemplate\":\"https:\/\/cartaodevisitavirtual.com.br\/v1\/?s={search_term_string}\"},\"query-input\":{\"@type\":\"PropertyValueSpecification\",\"valueRequired\":true,\"valueName\":\"search_term_string\"}}],\"inLanguage\":\"pt-BR\"},{\"@type\":\"Organization\",\"@id\":\"https:\/\/cartaodevisitavirtual.com.br\/v1\/#organization\",\"name\":\"Cart\u00e3o de Visita Virtual\",\"url\":\"https:\/\/cartaodevisitavirtual.com.br\/v1\/\",\"logo\":{\"@type\":\"ImageObject\",\"inLanguage\":\"pt-BR\",\"@id\":\"https:\/\/cartaodevisitavirtual.com.br\/v1\/#\/schema\/logo\/image\/\",\"url\":\"https:\/\/cdn.fernandoalonso.hosting.dousvies.com\/wp-content\/uploads\/sites\/2\/2021\/07\/05001226\/Vovo-Solucoes.png\",\"contentUrl\":\"https:\/\/cdn.fernandoalonso.hosting.dousvies.com\/wp-content\/uploads\/sites\/2\/2021\/07\/05001226\/Vovo-Solucoes.png\",\"width\":1080,\"height\":1080,\"caption\":\"Cart\u00e3o de Visita Virtual\"},\"image\":{\"@id\":\"https:\/\/cartaodevisitavirtual.com.br\/v1\/#\/schema\/logo\/image\/\"},\"sameAs\":[\"https:\/\/www.instagram.com\/vovosolucoes\/\"]}]}<\/script>\n<!-- \/ Yoast SEO plugin. -->","yoast_head_json":{"title":"Home - Cart\u00e3o de Visita Virtual","robots":{"index":"index","follow":"follow","max-snippet":"max-snippet:-1","max-image-preview":"max-image-preview:large","max-video-preview":"max-video-preview:-1"},"canonical":"https:\/\/cartaodevisitavirtual.com.br\/v1\/","og_locale":"pt_BR","og_type":"article","og_title":"Home - Cart\u00e3o de Visita Virtual","og_url":"https:\/\/cartaodevisitavirtual.com.br\/v1\/","og_site_name":"Cart\u00e3o de Visita Virtual","article_modified_time":"2024-12-29T00:26:27+00:00","twitter_card":"summary_large_image","twitter_description":"[CartaodeVisitaVirtual]","schema":{"@context":"https:\/\/schema.org","@graph":[{"@type":"WebPage","@id":"https:\/\/cartaodevisitavirtual.com.br\/v1\/","url":"https:\/\/cartaodevisitavirtual.com.br\/v1\/","name":"Home - Cart\u00e3o de Visita Virtual","isPartOf":{"@id":"https:\/\/cartaodevisitavirtual.com.br\/v1\/#website"},"datePublished":"2024-12-29T00:18:32+00:00","dateModified":"2024-12-29T00:26:27+00:00","breadcrumb":{"@id":"https:\/\/cartaodevisitavirtual.com.br\/v1\/#breadcrumb"},"inLanguage":"pt-BR","potentialAction":[{"@type":"ReadAction","target":["https:\/\/cartaodevisitavirtual.com.br\/v1\/"]}]},{"@type":"BreadcrumbList","@id":"https:\/\/cartaodevisitavirtual.com.br\/v1\/#breadcrumb","itemListElement":[{"@type":"ListItem","position":1,"name":"In\u00edcio","item":"https:\/\/cartaodevisitavirtual.com.br\/v1\/"},{"@type":"ListItem","position":2,"name":"Home"}]},{"@type":"WebSite","@id":"https:\/\/cartaodevisitavirtual.com.br\/v1\/#website","url":"https:\/\/cartaodevisitavirtual.com.br\/v1\/","name":"Cart\u00e3o de Visita Virtual","description":"Cart\u00e3o de Visita Virtual - Seu novo Cart\u00e3o de Visita, Digital, Interativo, On-line e Virtual. Compartilhe infinitamente pelo WhatsApp.","publisher":{"@id":"https:\/\/cartaodevisitavirtual.com.br\/v1\/#organization"},"potentialAction":[{"@type":"SearchAction","target":{"@type":"EntryPoint","urlTemplate":"https:\/\/cartaodevisitavirtual.com.br\/v1\/?s={search_term_string}"},"query-input":{"@type":"PropertyValueSpecification","valueRequired":true,"valueName":"search_term_string"}}],"inLanguage":"pt-BR"},{"@type":"Organization","@id":"https:\/\/cartaodevisitavirtual.com.br\/v1\/#organization","name":"Cart\u00e3o de Visita Virtual","url":"https:\/\/cartaodevisitavirtual.com.br\/v1\/","logo":{"@type":"ImageObject","inLanguage":"pt-BR","@id":"https:\/\/cartaodevisitavirtual.com.br\/v1\/#\/schema\/logo\/image\/","url":"https:\/\/cdn.fernandoalonso.hosting.dousvies.com\/wp-content\/uploads\/sites\/2\/2021\/07\/05001226\/Vovo-Solucoes.png","contentUrl":"https:\/\/cdn.fernandoalonso.hosting.dousvies.com\/wp-content\/uploads\/sites\/2\/2021\/07\/05001226\/Vovo-Solucoes.png","width":1080,"height":1080,"caption":"Cart\u00e3o de Visita Virtual"},"image":{"@id":"https:\/\/cartaodevisitavirtual.com.br\/v1\/#\/schema\/logo\/image\/"},"sameAs":["https:\/\/www.instagram.com\/vovosolucoes\/"]}]}},"_links":{"self":[{"href":"https:\/\/cartaodevisitavirtual.com.br\/v1\/wp-json\/wp\/v2\/pages\/17326","targetHints":{"allow":["GET"]}}],"collection":[{"href":"https:\/\/cartaodevisitavirtual.com.br\/v1\/wp-json\/wp\/v2\/pages"}],"about":[{"href":"https:\/\/cartaodevisitavirtual.com.br\/v1\/wp-json\/wp\/v2\/types\/page"}],"author":[{"embeddable":true,"href":"https:\/\/cartaodevisitavirtual.com.br\/v1\/wp-json\/wp\/v2\/users\/1"}],"replies":[{"embeddable":true,"href":"https:\/\/cartaodevisitavirtual.com.br\/v1\/wp-json\/wp\/v2\/comments?post=17326"}],"version-history":[{"count":14,"href":"https:\/\/cartaodevisitavirtual.com.br\/v1\/wp-json\/wp\/v2\/pages\/17326\/revisions"}],"predecessor-version":[{"id":17343,"href":"https:\/\/cartaodevisitavirtual.com.br\/v1\/wp-json\/wp\/v2\/pages\/17326\/revisions\/17343"}],"wp:attachment":[{"href":"https:\/\/cartaodevisitavirtual.com.br\/v1\/wp-json\/wp\/v2\/media?parent=17326"}],"curies":[{"name":"wp","href":"https:\/\/api.w.org\/{rel}","templated":true}]}}